{"id":447,"date":"2026-01-07T18:30:44","date_gmt":"2026-01-07T17:30:44","guid":{"rendered":"https:\/\/carretejoyeros.es\/comprooro\/?page_id=447"},"modified":"2026-01-09T01:48:11","modified_gmt":"2026-01-09T00:48:11","slug":"quienes-somos","status":"publish","type":"page","link":"https:\/\/carretejoyeros.es\/comprooro\/quienes-somos\/","title":{"rendered":"Quienes somos"},"content":{"rendered":"\t\t<div data-elementor-type=\"wp-page\" data-elementor-id=\"447\" class=\"elementor elementor-447\" data-elementor-post-type=\"page\">\n\t\t\t\t<div class=\"elementor-element elementor-element-d7e3134 e-flex e-con-boxed e-con e-parent\" data-id=\"d7e3134\" data-element_type=\"container\" data-e-type=\"container\">\n\t\t\t\t\t<div class=\"e-con-inner\">\n\t\t<div class=\"elementor-element elementor-element-1e1c783 e-con-full e-flex e-con e-child\" data-id=\"1e1c783\" data-element_type=\"container\" data-e-type=\"container\">\n\t\t\t\t<div class=\"elementor-element elementor-element-5508052 elementor-widget elementor-widget-image\" data-id=\"5508052\" data-element_type=\"widget\" data-e-type=\"widget\" data-widget_type=\"image.default\">\n\t\t\t\t<div class=\"elementor-widget-container\">\n\t\t\t\t\t\t\t\t\t\t\t\t\t\t\t<img fetchpriority=\"high\" decoding=\"async\" width=\"800\" height=\"587\" src=\"https:\/\/carretejoyeros.es\/comprooro\/wp-content\/uploads\/Papa-02-982x720.png\" class=\"attachment-large size-large wp-image-500\" alt=\"\" srcset=\"https:\/\/carretejoyeros.es\/comprooro\/wp-content\/uploads\/Papa-02-982x720.png 982w, https:\/\/carretejoyeros.es\/comprooro\/wp-content\/uploads\/Papa-02-600x440.png 600w, https:\/\/carretejoyeros.es\/comprooro\/wp-content\/uploads\/Papa-02-768x563.png 768w, https:\/\/carretejoyeros.es\/comprooro\/wp-content\/uploads\/Papa-02.png 1200w\" sizes=\"(max-width: 800px) 100vw, 800px\" \/>\t\t\t\t\t\t\t\t\t\t\t\t\t\t\t<\/div>\n\t\t\t\t<\/div>\n\t\t<div class=\"elementor-element elementor-element-e26aa46 e-con-full e-grid e-con e-child\" data-id=\"e26aa46\" data-element_type=\"container\" data-e-type=\"container\">\n\t\t\t\t<div class=\"elementor-element elementor-element-ce04d04 elementor-widget elementor-widget-image\" data-id=\"ce04d04\" data-element_type=\"widget\" data-e-type=\"widget\" data-widget_type=\"image.default\">\n\t\t\t\t<div class=\"elementor-widget-container\">\n\t\t\t\t\t\t\t\t\t\t\t\t<figure class=\"wp-caption\">\n\t\t\t\t\t\t\t\t\t\t<img decoding=\"async\" width=\"96\" height=\"96\" src=\"https:\/\/carretejoyeros.es\/comprooro\/wp-content\/uploads\/001.jpg\" class=\"attachment-large size-large wp-image-509\" alt=\"\" \/>\t\t\t\t\t\t\t\t\t\t\t<figcaption class=\"widget-image-caption wp-caption-text\">Roberto<\/figcaption>\n\t\t\t\t\t\t\t\t\t\t<\/figure>\n\t\t\t\t\t\t\t\t\t<\/div>\n\t\t\t\t<\/div>\n\t\t\t\t<div class=\"elementor-element elementor-element-6b8d648 elementor-widget elementor-widget-image\" data-id=\"6b8d648\" data-element_type=\"widget\" data-e-type=\"widget\" data-widget_type=\"image.default\">\n\t\t\t\t<div class=\"elementor-widget-container\">\n\t\t\t\t\t\t\t\t\t\t\t\t<figure class=\"wp-caption\">\n\t\t\t\t\t\t\t\t\t\t<img decoding=\"async\" width=\"720\" height=\"720\" src=\"https:\/\/carretejoyeros.es\/comprooro\/wp-content\/uploads\/139-720x720.jpg\" class=\"attachment-large size-large wp-image-513\" alt=\"\" srcset=\"https:\/\/carretejoyeros.es\/comprooro\/wp-content\/uploads\/139-720x720.jpg 720w, https:\/\/carretejoyeros.es\/comprooro\/wp-content\/uploads\/139-600x600.jpg 600w, https:\/\/carretejoyeros.es\/comprooro\/wp-content\/uploads\/139-300x300.jpg 300w, https:\/\/carretejoyeros.es\/comprooro\/wp-content\/uploads\/139.jpg 765w\" sizes=\"(max-width: 720px) 100vw, 720px\" \/>\t\t\t\t\t\t\t\t\t\t\t<figcaption class=\"widget-image-caption wp-caption-text\">David<\/figcaption>\n\t\t\t\t\t\t\t\t\t\t<\/figure>\n\t\t\t\t\t\t\t\t\t<\/div>\n\t\t\t\t<\/div>\n\t\t\t\t<\/div>\n\t\t\t\t<\/div>\n\t\t<div class=\"elementor-element elementor-element-735b037 e-con-full e-flex e-con e-child\" data-id=\"735b037\" data-element_type=\"container\" data-e-type=\"container\">\n\t\t\t\t<div class=\"elementor-element elementor-element-1cfe717 elementor-widget elementor-widget-heading\" data-id=\"1cfe717\" data-element_type=\"widget\" data-e-type=\"widget\" data-widget_type=\"heading.default\">\n\t\t\t\t<div class=\"elementor-widget-container\">\n\t\t\t\t\t<h2 class=\"elementor-heading-title elementor-size-default\">Historia<\/h2>\t\t\t\t<\/div>\n\t\t\t\t<\/div>\n\t\t\t\t<div class=\"elementor-element elementor-element-f407bc4 elementor-widget elementor-widget-text-editor\" data-id=\"f407bc4\" data-element_type=\"widget\" data-e-type=\"widget\" data-widget_type=\"text-editor.default\">\n\t\t\t\t<div class=\"elementor-widget-container\">\n\t\t\t\t\t\t\t\t\t<p>En el bullicioso coraz\u00f3n de Barcelona, la historia de Carrete Joyeros comienza en 1965, cuando Avelino Carrete, un visionario apasionado por el brillo de las gemas y la precisi\u00f3n del metal, inici\u00f3 su singladura en el mundo de la joyer\u00eda.<\/p><p>Con manos h\u00e1biles y un taller modesto, Avelino se dedic\u00f3 a reparar y crear piezas que no solo adornaban, sino que custodiaban recuerdos entra\u00f1ables para generaciones de barceloneses. Su dedicaci\u00f3n transform\u00f3 ese humilde espacio en un referente de artesan\u00eda familiar, evolucionando hasta convertirse en una Sociedad Limitada especializada en el comercio minorista de joyer\u00eda, relojer\u00eda, bisuter\u00eda y objetos de regalo.<\/p><p>Avelino nos dej\u00f3 un legado imborrable el 24 de diciembre de 2024, pero su esp\u00edritu perdura en cada soldadura y grabado.<\/p><p>Hoy, en d\u00eda, sus hijos Roberto y David contin\u00faan esta tradici\u00f3n con maestr\u00eda propia, impulsando el taller hacia la innovaci\u00f3n.<\/p><p>Como artesanos certificados por la escuela de joyer\u00eda del <a href=\"https:\/\/jorgc.org\/\" target=\"_blank\" rel=\"noopener\">JORGC<\/a> y miembros colegiados, hemos abrazado el dise\u00f1o en 3D, la soldadura l\u00e1ser y el grabado l\u00e1ser, para realizar reparaciones, modificaciones y modelos \u00fanicos de principio a fin, ofreciendo incluso servicio postventa a profesionales del sector, sin olvidar el trabajo artesanal heredado<\/p><p>En m\u00e1s de cinco d\u00e9cadas, Carrete Joyeros ha superado retos y cambios, pero siempre fiel a sus ra\u00edces: crear herencias perdurables que unen pasado y futuro.<\/p>\t\t\t\t\t\t\t\t<\/div>\n\t\t\t\t<\/div>\n\t\t\t\t<\/div>\n\t\t\t\t\t<\/div>\n\t\t\t\t<\/div>\n\t\t\t\t<\/div>\n\t\t","protected":false},"excerpt":{"rendered":"<p>Roberto David Historia En el bullicioso coraz\u00f3n de Barcelona, la historia de Carrete Joyeros comienza en 1965, cuando Avelino Carrete, un visionario apasionado por el brillo de las gemas y la precisi\u00f3n del metal, inici\u00f3 su singladura en el mundo de la joyer\u00eda. Con manos h\u00e1biles y un taller modesto, Avelino se dedic\u00f3 a reparar [&hellip;]<\/p>\n","protected":false},"author":2,"featured_media":0,"parent":0,"menu_order":0,"comment_status":"closed","ping_status":"closed","template":"","meta":{"footnotes":""},"class_list":["post-447","page","type-page","status-publish","hentry"],"_links":{"self":[{"href":"https:\/\/carretejoyeros.es\/comprooro\/wp-json\/wp\/v2\/pages\/447","targetHints":{"allow":["GET"]}}],"collection":[{"href":"https:\/\/carretejoyeros.es\/comprooro\/wp-json\/wp\/v2\/pages"}],"about":[{"href":"https:\/\/carretejoyeros.es\/comprooro\/wp-json\/wp\/v2\/types\/page"}],"author":[{"embeddable":true,"href":"https:\/\/carretejoyeros.es\/comprooro\/wp-json\/wp\/v2\/users\/2"}],"replies":[{"embeddable":true,"href":"https:\/\/carretejoyeros.es\/comprooro\/wp-json\/wp\/v2\/comments?post=447"}],"version-history":[{"count":34,"href":"https:\/\/carretejoyeros.es\/comprooro\/wp-json\/wp\/v2\/pages\/447\/revisions"}],"predecessor-version":[{"id":549,"href":"https:\/\/carretejoyeros.es\/comprooro\/wp-json\/wp\/v2\/pages\/447\/revisions\/549"}],"wp:attachment":[{"href":"https:\/\/carretejoyeros.es\/comprooro\/wp-json\/wp\/v2\/media?parent=447"}],"curies":[{"name":"wp","href":"https:\/\/api.w.org\/{rel}","templated":true}]}}